{"id":37048,"date":"2026-03-10T07:00:29","date_gmt":"2026-03-10T06:00:29","guid":{"rendered":"https:\/\/www.nailcreation.com\/?post_type=product&#038;p=37048"},"modified":"2026-04-23T10:25:34","modified_gmt":"2026-04-23T08:25:34","slug":"glamazone-gellak-cafe-fudge","status":"publish","type":"product","link":"https:\/\/www.nailcreation.com\/nl\/product\/glamazone-gellak-cafe-fudge\/","title":{"rendered":"Glamazone Gellak Cafe Fudge"},"content":{"rendered":"<h1>Glamazone Gellak Cafe Fudge<\/h1>\n<p>Ontdek Glamazone gellak Cafe Fudge; een warme fudge bruine tint die tijdloze elegantie uitstraalt. Deze rijke, chocoladeachtige kleur geeft diepte en verfijning aan elke look, perfect voor zowel dagelijkse als opvallende manicures. Glamazone gellak geeft professionele resultaten, is eenvoudig aan te brengen en in slechts 10 minuten te verwijderen. Volledig HEMA-vrij, TPO-vrij, DiHEMA-vrij en 15-free voor een veiligere, huidvriendelijke manicure zonder in te leveren op glans of duurzaamheid.<\/p>\n<h2>Hoe breng je onze Gel Polish aan?<\/h2>\n<p><strong>Ondanks dat onze gellak vrij is van HEMA, DiHEMA &amp; TPO, bevat onze gellak wel andere acrylaten. Om een contactallergie te voorkomen volg je onderstaand stappenplan nauwkeurig:<\/strong><\/p>\n<ul>\n<li>Reinig de nagels en handen<\/li>\n<li>Reinig de nagels met de Nail Scrub<\/li>\n<li>Breng een base aan (wij raden <a href=\"https:\/\/www.nailcreation.com\/nl\/product\/glamazone-flex-base\/\">Flex Base<\/a> aan)\u2013 <span style=\"color: #ff0000;\">zonder contact te maken met de nagelriemen!<\/span><\/li>\n<li>Plaats de hand onder de UV lamp en laat 60 seconden uitharden<\/li>\n<li>Herhaal de stappen 3 &amp; 4 met de gekozen Glamazone kleur en Top Coat<\/li>\n<li>De Glamazone gellak laat geen plaklaag achter! Dus verzorg de nagels &amp; nagelriemen met nagelriemolie!<\/li>\n<\/ul>\n<h3>Hoe verwijder je onze Gel Polish?<\/h3>\n<ul>\n<li>Breng de Glamazone Remover aan op een remover wrap. Plaats deze op de nagel en druk strak op de vinger!<\/li>\n<li>Wacht 10 minuten<\/li>\n<li>Verwijder de wraps<\/li>\n<li>Verwijder zachtjes de overgebleven gellak van de nagelplaats met een manicure stick.<\/li>\n<li>Eindig met het verzorgen van de nagels en nagelriemen!<\/li>\n<\/ul>\n","protected":false},"excerpt":{"rendered":"<ul>\n<li>Warm fudge bruin<\/li>\n<li>Tijdloze, elegante tint<\/li>\n<li>Voor dagelijkse &amp; statement manicures<\/li>\n<li>Unieke hoge gloss!<\/li>\n<li>Krasproof &amp; laat geen plaklaag achter!<\/li>\n<li>Vrij van HEMA, DiHEMA &amp; TPO en 15-FREE!<\/li>\n<li>Inhoud: 15 ML<\/li>\n<\/ul>\n","protected":false},"featured_media":37044,"comment_status":"open","ping_status":"closed","template":"","meta":{"_acf_changed":false},"product_brand":[],"product_cat":[152,466,151],"product_tag":[],"class_list":{"0":"post-37048","1":"product","2":"type-product","3":"status-publish","4":"has-post-thumbnail","6":"product_cat-gellak","7":"product_cat-glamazone-gellak","8":"product_cat-kleur-gellak","10":"first","11":"instock","12":"taxable","13":"shipping-taxable","14":"purchasable","15":"product-type-simple"},"acf":[],"yoast_head":"<!-- This site is optimized with the Yoast SEO plugin v27.5 - https:\/\/yoast.com\/product\/yoast-seo-wordpress\/ -->\n<title>Glamazone Gellak Cafe Fudge - HEMA-vrij &amp; TPO-vrij - Nail Creation<\/title>\n<meta name=\"description\" content=\"Cre\u00eber een tijdloze manicure met de warme fudgebruine gellak Caf\u00e9 Fudge van Glamazone. Elegant, verfijnd \u00e9n volledig HEMA- en TPO-vrij! Shop nu.\" \/>\n<meta name=\"robots\" content=\"index, follow, max-snippet:-1, max-image-preview:large, max-video-preview:-1\" \/>\n<link rel=\"canonical\" href=\"https:\/\/www.nailcreation.com\/nl\/product\/glamazone-gellak-cafe-fudge\/\" \/>\n<meta property=\"og:locale\" content=\"nl_NL\" \/>\n<meta property=\"og:type\" content=\"article\" \/>\n<meta property=\"og:title\" content=\"Glamazone Gellak Cafe Fudge - HEMA-vrij &amp; TPO-vrij - Nail Creation\" \/>\n<meta property=\"og:description\" content=\"Cre\u00eber een tijdloze manicure met de warme fudgebruine gellak Caf\u00e9 Fudge van Glamazone. Elegant, verfijnd \u00e9n volledig HEMA- en TPO-vrij! Shop nu.\" \/>\n<meta property=\"og:url\" content=\"https:\/\/www.nailcreation.com\/nl\/product\/glamazone-gellak-cafe-fudge\/\" \/>\n<meta property=\"og:site_name\" content=\"Nail Creation\" \/>\n<meta property=\"article:modified_time\" content=\"2026-04-23T08:25:34+00:00\" \/>\n<meta property=\"og:image\" content=\"https:\/\/www.nailcreation.com\/wp-content\/uploads\/2025\/11\/Gel-Polish-Cafe-Fudge.png\" \/>\n\t<meta property=\"og:image:width\" content=\"1080\" \/>\n\t<meta property=\"og:image:height\" content=\"1080\" \/>\n\t<meta property=\"og:image:type\" content=\"image\/png\" \/>\n<meta name=\"twitter:card\" content=\"summary_large_image\" \/>\n<meta name=\"twitter:label1\" content=\"Geschatte leestijd\" \/>\n\t<meta name=\"twitter:data1\" content=\"2 minuten\" \/>\n<script type=\"application\/ld+json\" class=\"yoast-schema-graph\">{\"@context\":\"https:\\\/\\\/schema.org\",\"@graph\":[{\"@type\":\"WebPage\",\"@id\":\"https:\\\/\\\/www.nailcreation.com\\\/nl\\\/product\\\/glamazone-gellak-cafe-fudge\\\/\",\"url\":\"https:\\\/\\\/www.nailcreation.com\\\/nl\\\/product\\\/glamazone-gellak-cafe-fudge\\\/\",\"name\":\"Glamazone Gellak Cafe Fudge - HEMA-vrij & TPO-vrij - Nail Creation\",\"isPartOf\":{\"@id\":\"https:\\\/\\\/www.nailcreation.com\\\/nl\\\/#website\"},\"primaryImageOfPage\":{\"@id\":\"https:\\\/\\\/www.nailcreation.com\\\/nl\\\/product\\\/glamazone-gellak-cafe-fudge\\\/#primaryimage\"},\"image\":{\"@id\":\"https:\\\/\\\/www.nailcreation.com\\\/nl\\\/product\\\/glamazone-gellak-cafe-fudge\\\/#primaryimage\"},\"thumbnailUrl\":\"https:\\\/\\\/www.nailcreation.com\\\/wp-content\\\/uploads\\\/2025\\\/11\\\/Gel-Polish-Cafe-Fudge.png\",\"datePublished\":\"2026-03-10T06:00:29+00:00\",\"dateModified\":\"2026-04-23T08:25:34+00:00\",\"description\":\"Cre\u00eber een tijdloze manicure met de warme fudgebruine gellak Caf\u00e9 Fudge van Glamazone. Elegant, verfijnd \u00e9n volledig HEMA- en TPO-vrij! Shop nu.\",\"breadcrumb\":{\"@id\":\"https:\\\/\\\/www.nailcreation.com\\\/nl\\\/product\\\/glamazone-gellak-cafe-fudge\\\/#breadcrumb\"},\"inLanguage\":\"nl-NL\",\"potentialAction\":[{\"@type\":\"ReadAction\",\"target\":[\"https:\\\/\\\/www.nailcreation.com\\\/nl\\\/product\\\/glamazone-gellak-cafe-fudge\\\/\"]}]},{\"@type\":\"ImageObject\",\"inLanguage\":\"nl-NL\",\"@id\":\"https:\\\/\\\/www.nailcreation.com\\\/nl\\\/product\\\/glamazone-gellak-cafe-fudge\\\/#primaryimage\",\"url\":\"https:\\\/\\\/www.nailcreation.com\\\/wp-content\\\/uploads\\\/2025\\\/11\\\/Gel-Polish-Cafe-Fudge.png\",\"contentUrl\":\"https:\\\/\\\/www.nailcreation.com\\\/wp-content\\\/uploads\\\/2025\\\/11\\\/Gel-Polish-Cafe-Fudge.png\",\"width\":1080,\"height\":1080,\"caption\":\"Warm fudge brown tpo & hema free Glamazone gel polish\"},{\"@type\":\"BreadcrumbList\",\"@id\":\"https:\\\/\\\/www.nailcreation.com\\\/nl\\\/product\\\/glamazone-gellak-cafe-fudge\\\/#breadcrumb\",\"itemListElement\":[{\"@type\":\"ListItem\",\"position\":1,\"name\":\"Home\",\"item\":\"https:\\\/\\\/www.nailcreation.com\\\/nl\\\/\"},{\"@type\":\"ListItem\",\"position\":2,\"name\":\"Alle producten\",\"item\":\"https:\\\/\\\/www.nailcreation.com\\\/nl\\\/shop\\\/\"},{\"@type\":\"ListItem\",\"position\":3,\"name\":\"Glamazone Gellak Cafe Fudge\"}]},{\"@type\":\"WebSite\",\"@id\":\"https:\\\/\\\/www.nailcreation.com\\\/nl\\\/#website\",\"url\":\"https:\\\/\\\/www.nailcreation.com\\\/nl\\\/\",\"name\":\"Nail Creation\",\"description\":\"\",\"potentialAction\":[{\"@type\":\"SearchAction\",\"target\":{\"@type\":\"EntryPoint\",\"urlTemplate\":\"https:\\\/\\\/www.nailcreation.com\\\/nl\\\/?s={search_term_string}\"},\"query-input\":{\"@type\":\"PropertyValueSpecification\",\"valueRequired\":true,\"valueName\":\"search_term_string\"}}],\"inLanguage\":\"nl-NL\"}]}<\/script>\n<!-- \/ Yoast SEO plugin. -->","yoast_head_json":{"title":"Glamazone Gellak Cafe Fudge - HEMA-vrij & TPO-vrij - Nail Creation","description":"Cre\u00eber een tijdloze manicure met de warme fudgebruine gellak Caf\u00e9 Fudge van Glamazone. Elegant, verfijnd \u00e9n volledig HEMA- en TPO-vrij! Shop nu.","robots":{"index":"index","follow":"follow","max-snippet":"max-snippet:-1","max-image-preview":"max-image-preview:large","max-video-preview":"max-video-preview:-1"},"canonical":"https:\/\/www.nailcreation.com\/nl\/product\/glamazone-gellak-cafe-fudge\/","og_locale":"nl_NL","og_type":"article","og_title":"Glamazone Gellak Cafe Fudge - HEMA-vrij & TPO-vrij - Nail Creation","og_description":"Cre\u00eber een tijdloze manicure met de warme fudgebruine gellak Caf\u00e9 Fudge van Glamazone. Elegant, verfijnd \u00e9n volledig HEMA- en TPO-vrij! Shop nu.","og_url":"https:\/\/www.nailcreation.com\/nl\/product\/glamazone-gellak-cafe-fudge\/","og_site_name":"Nail Creation","article_modified_time":"2026-04-23T08:25:34+00:00","og_image":[{"width":1080,"height":1080,"url":"https:\/\/www.nailcreation.com\/wp-content\/uploads\/2025\/11\/Gel-Polish-Cafe-Fudge.png","type":"image\/png"}],"twitter_card":"summary_large_image","twitter_misc":{"Geschatte leestijd":"2 minuten"},"schema":{"@context":"https:\/\/schema.org","@graph":[{"@type":"WebPage","@id":"https:\/\/www.nailcreation.com\/nl\/product\/glamazone-gellak-cafe-fudge\/","url":"https:\/\/www.nailcreation.com\/nl\/product\/glamazone-gellak-cafe-fudge\/","name":"Glamazone Gellak Cafe Fudge - HEMA-vrij & TPO-vrij - Nail Creation","isPartOf":{"@id":"https:\/\/www.nailcreation.com\/nl\/#website"},"primaryImageOfPage":{"@id":"https:\/\/www.nailcreation.com\/nl\/product\/glamazone-gellak-cafe-fudge\/#primaryimage"},"image":{"@id":"https:\/\/www.nailcreation.com\/nl\/product\/glamazone-gellak-cafe-fudge\/#primaryimage"},"thumbnailUrl":"https:\/\/www.nailcreation.com\/wp-content\/uploads\/2025\/11\/Gel-Polish-Cafe-Fudge.png","datePublished":"2026-03-10T06:00:29+00:00","dateModified":"2026-04-23T08:25:34+00:00","description":"Cre\u00eber een tijdloze manicure met de warme fudgebruine gellak Caf\u00e9 Fudge van Glamazone. Elegant, verfijnd \u00e9n volledig HEMA- en TPO-vrij! Shop nu.","breadcrumb":{"@id":"https:\/\/www.nailcreation.com\/nl\/product\/glamazone-gellak-cafe-fudge\/#breadcrumb"},"inLanguage":"nl-NL","potentialAction":[{"@type":"ReadAction","target":["https:\/\/www.nailcreation.com\/nl\/product\/glamazone-gellak-cafe-fudge\/"]}]},{"@type":"ImageObject","inLanguage":"nl-NL","@id":"https:\/\/www.nailcreation.com\/nl\/product\/glamazone-gellak-cafe-fudge\/#primaryimage","url":"https:\/\/www.nailcreation.com\/wp-content\/uploads\/2025\/11\/Gel-Polish-Cafe-Fudge.png","contentUrl":"https:\/\/www.nailcreation.com\/wp-content\/uploads\/2025\/11\/Gel-Polish-Cafe-Fudge.png","width":1080,"height":1080,"caption":"Warm fudge brown tpo & hema free Glamazone gel polish"},{"@type":"BreadcrumbList","@id":"https:\/\/www.nailcreation.com\/nl\/product\/glamazone-gellak-cafe-fudge\/#breadcrumb","itemListElement":[{"@type":"ListItem","position":1,"name":"Home","item":"https:\/\/www.nailcreation.com\/nl\/"},{"@type":"ListItem","position":2,"name":"Alle producten","item":"https:\/\/www.nailcreation.com\/nl\/shop\/"},{"@type":"ListItem","position":3,"name":"Glamazone Gellak Cafe Fudge"}]},{"@type":"WebSite","@id":"https:\/\/www.nailcreation.com\/nl\/#website","url":"https:\/\/www.nailcreation.com\/nl\/","name":"Nail Creation","description":"","potentialAction":[{"@type":"SearchAction","target":{"@type":"EntryPoint","urlTemplate":"https:\/\/www.nailcreation.com\/nl\/?s={search_term_string}"},"query-input":{"@type":"PropertyValueSpecification","valueRequired":true,"valueName":"search_term_string"}}],"inLanguage":"nl-NL"}]}},"jetpack_sharing_enabled":true,"_links":{"self":[{"href":"https:\/\/www.nailcreation.com\/nl\/wp-json\/wp\/v2\/product\/37048","targetHints":{"allow":["GET"]}}],"collection":[{"href":"https:\/\/www.nailcreation.com\/nl\/wp-json\/wp\/v2\/product"}],"about":[{"href":"https:\/\/www.nailcreation.com\/nl\/wp-json\/wp\/v2\/types\/product"}],"replies":[{"embeddable":true,"href":"https:\/\/www.nailcreation.com\/nl\/wp-json\/wp\/v2\/comments?post=37048"}],"wp:featuredmedia":[{"embeddable":true,"href":"https:\/\/www.nailcreation.com\/nl\/wp-json\/wp\/v2\/media\/37044"}],"wp:attachment":[{"href":"https:\/\/www.nailcreation.com\/nl\/wp-json\/wp\/v2\/media?parent=37048"}],"wp:term":[{"taxonomy":"product_brand","embeddable":true,"href":"https:\/\/www.nailcreation.com\/nl\/wp-json\/wp\/v2\/product_brand?post=37048"},{"taxonomy":"product_cat","embeddable":true,"href":"https:\/\/www.nailcreation.com\/nl\/wp-json\/wp\/v2\/product_cat?post=37048"},{"taxonomy":"product_tag","embeddable":true,"href":"https:\/\/www.nailcreation.com\/nl\/wp-json\/wp\/v2\/product_tag?post=37048"}],"curies":[{"name":"wp","href":"https:\/\/api.w.org\/{rel}","templated":true}]}}