{"id":3135,"date":"2022-12-23T10:05:22","date_gmt":"2022-12-23T09:05:22","guid":{"rendered":"http:\/\/nailcreation.com\/product\/basic-kit-excel-gel-2-0\/"},"modified":"2026-01-06T13:45:47","modified_gmt":"2026-01-06T12:45:47","slug":"basic-kit-excel-gel-2-0","status":"publish","type":"product","link":"https:\/\/www.nailcreation.com\/nl\/product\/basic-kit-excel-gel-2-0\/","title":{"rendered":"Basic Kit Excel Gel 2.0"},"content":{"rendered":"<h1>Basic Kit Excel Gel 2.0<\/h1>\n<p>De Basic Kit Excel Gel 2.0 bevat alles wat je nodig hebt om aan de slag te gaan met ons innovatief alles-in-een systeem: Exel gel 2.0. Onze Exel gels zijn licht, sterk en flexibel. De Excel gel combineert de voordelen van gel en acryl in \u00e9\u00e9n systeem. Met de handige tube cre\u00eber je snel sterke nagels! Wil je aan de slag met onze Excel Gel? Dan is deze basic kit ideaal voor jou!<\/p>\n<p>De basic kit bevat:<\/p>\n<ul>\n<li>1 x Base Gel, 15 ML<\/li>\n<li>1 x Excel Gel 2.0 Clear, 30 ML<\/li>\n<li>1 x Excel Gel 2.0 Babyboomer Pink, 30 ML<\/li>\n<li>1 x Excel Gel 2.0 Pink Extension, 30 ML<\/li>\n<li>1 x Excel Gel 2.0 Nude Extension, 30 ML<\/li>\n<li>1 x Excel Gel 2.0 White, 30 ML<\/li>\n<li>1 x All System Bonding, 10 ML<\/li>\n<li>1 x Excel Solution, 150 ML<\/li>\n<li>1 x Superior Gloss, 15 ML<\/li>\n<\/ul>\n<h2>Hoe breng je onze Excel Gel aan?<\/h2>\n<ol>\n<li>Reinig de nagels en handen door de Purifier te gebruiken.<\/li>\n<li>Bereid de plaat voor door te buffen en de riem naar achter te duwen. Gebruik de manicurestick om de riem terug te duwen en het resterende stof te verwijderen. Vijl de nagels in vorm<\/li>\n<li>Reinig de nagels met de Nail Scrub<\/li>\n<li>Optioneel: breng een sjabloon of tip aan<\/li>\n<li>Breng een dun laagje All System Bonder aan op de nagel<\/li>\n<li>Gebruik de spatelzijde van de Excel Cutting Tool om de gewenste hoeveelheid te bepalen.<\/li>\n<li>Rol de Excel Gel op de nagel met de Cutting Tool<\/li>\n<li>Dip de penseelzijde in de Excel Solution en modelleer de nagels.<\/li>\n<li>Laat uitharden voor 30 seconden.<\/li>\n<li>Verwijder de plaklaag met Gel Cleanser en vijl de nagels in de gewenste vorm<\/li>\n<li>Vijl de nagels in de gewenste vorm en buff de nagels. Verwijder dan al het overige stof!<\/li>\n<li>Breng een top gel naar keuze aan &#038; verzorg de nagels &#038; nagelriemen met nagelriemolie!<\/li>\n<\/ol>\n","protected":false},"excerpt":{"rendered":"<ul>\n<li>Fantastische Basic Kit<\/li>\n<li>Leer werken met onze Excel Gels<\/li>\n<li>Een innovatief alles-in-een systeem<\/li>\n<li>Sterker dan gel, maar flexibeler dan acryl<\/li>\n<li>Vrij van HEMA &#038; TPO en 15-FREE!<\/li>\n<li>De basic kit bevat alles om te kunnen starten!<\/li>\n<\/ul>\n","protected":false},"featured_media":806,"comment_status":"closed","ping_status":"closed","template":"","meta":{"_acf_changed":false},"product_brand":[],"product_cat":[166,160],"product_tag":[],"class_list":{"0":"post-3135","1":"product","2":"type-product","3":"status-publish","4":"has-post-thumbnail","6":"product_cat-starter-kits-nl","7":"product_cat-tools-nl","9":"first","10":"outofstock","11":"taxable","12":"shipping-taxable","13":"purchasable","14":"product-type-simple"},"acf":[],"yoast_head":"<!-- This site is optimized with the Yoast SEO plugin v27.5 - https:\/\/yoast.com\/product\/yoast-seo-wordpress\/ -->\n<title>Basic Kit Excel Gel 2.0 - Goede startersset - Nail Creation<\/title>\n<meta name=\"description\" content=\"De Basic Kit Excel Gel 2.0 bevat alles wat je nodig hebt om aan de slag te gaan met ons innovatief alles-in-een systeem: Exel gel 2.0. Koop nu!\" \/>\n<meta name=\"robots\" content=\"index, follow, max-snippet:-1, max-image-preview:large, max-video-preview:-1\" \/>\n<link rel=\"canonical\" href=\"https:\/\/www.nailcreation.com\/nl\/product\/basic-kit-excel-gel-2-0\/\" \/>\n<meta property=\"og:locale\" content=\"nl_NL\" \/>\n<meta property=\"og:type\" content=\"article\" \/>\n<meta property=\"og:title\" content=\"Basic Kit Excel Gel 2.0 - Goede startersset - Nail Creation\" \/>\n<meta property=\"og:description\" content=\"De Basic Kit Excel Gel 2.0 bevat alles wat je nodig hebt om aan de slag te gaan met ons innovatief alles-in-een systeem: Exel gel 2.0. Koop nu!\" \/>\n<meta property=\"og:url\" content=\"https:\/\/www.nailcreation.com\/nl\/product\/basic-kit-excel-gel-2-0\/\" \/>\n<meta property=\"og:site_name\" content=\"Nail Creation\" \/>\n<meta property=\"article:modified_time\" content=\"2026-01-06T12:45:47+00:00\" \/>\n<meta property=\"og:image\" content=\"https:\/\/www.nailcreation.com\/wp-content\/uploads\/2022\/12\/Basic-Kit-Excel-Gel-2.0.png\" \/>\n\t<meta property=\"og:image:width\" content=\"1080\" \/>\n\t<meta property=\"og:image:height\" content=\"1080\" \/>\n\t<meta property=\"og:image:type\" content=\"image\/png\" \/>\n<meta name=\"twitter:card\" content=\"summary_large_image\" \/>\n<meta name=\"twitter:label1\" content=\"Geschatte leestijd\" \/>\n\t<meta name=\"twitter:data1\" content=\"1 minuut\" \/>\n<script type=\"application\/ld+json\" class=\"yoast-schema-graph\">{\"@context\":\"https:\\\/\\\/schema.org\",\"@graph\":[{\"@type\":\"WebPage\",\"@id\":\"https:\\\/\\\/www.nailcreation.com\\\/nl\\\/product\\\/basic-kit-excel-gel-2-0\\\/\",\"url\":\"https:\\\/\\\/www.nailcreation.com\\\/nl\\\/product\\\/basic-kit-excel-gel-2-0\\\/\",\"name\":\"Basic Kit Excel Gel 2.0 - Goede startersset - Nail Creation\",\"isPartOf\":{\"@id\":\"https:\\\/\\\/www.nailcreation.com\\\/nl\\\/#website\"},\"primaryImageOfPage\":{\"@id\":\"https:\\\/\\\/www.nailcreation.com\\\/nl\\\/product\\\/basic-kit-excel-gel-2-0\\\/#primaryimage\"},\"image\":{\"@id\":\"https:\\\/\\\/www.nailcreation.com\\\/nl\\\/product\\\/basic-kit-excel-gel-2-0\\\/#primaryimage\"},\"thumbnailUrl\":\"https:\\\/\\\/www.nailcreation.com\\\/wp-content\\\/uploads\\\/2022\\\/12\\\/Basic-Kit-Excel-Gel-2.0.png\",\"datePublished\":\"2022-12-23T09:05:22+00:00\",\"dateModified\":\"2026-01-06T12:45:47+00:00\",\"description\":\"De Basic Kit Excel Gel 2.0 bevat alles wat je nodig hebt om aan de slag te gaan met ons innovatief alles-in-een systeem: Exel gel 2.0. Koop nu!\",\"breadcrumb\":{\"@id\":\"https:\\\/\\\/www.nailcreation.com\\\/nl\\\/product\\\/basic-kit-excel-gel-2-0\\\/#breadcrumb\"},\"inLanguage\":\"nl-NL\",\"potentialAction\":[{\"@type\":\"ReadAction\",\"target\":[\"https:\\\/\\\/www.nailcreation.com\\\/nl\\\/product\\\/basic-kit-excel-gel-2-0\\\/\"]}]},{\"@type\":\"ImageObject\",\"inLanguage\":\"nl-NL\",\"@id\":\"https:\\\/\\\/www.nailcreation.com\\\/nl\\\/product\\\/basic-kit-excel-gel-2-0\\\/#primaryimage\",\"url\":\"https:\\\/\\\/www.nailcreation.com\\\/wp-content\\\/uploads\\\/2022\\\/12\\\/Basic-Kit-Excel-Gel-2.0.png\",\"contentUrl\":\"https:\\\/\\\/www.nailcreation.com\\\/wp-content\\\/uploads\\\/2022\\\/12\\\/Basic-Kit-Excel-Gel-2.0.png\",\"width\":1080,\"height\":1080},{\"@type\":\"BreadcrumbList\",\"@id\":\"https:\\\/\\\/www.nailcreation.com\\\/nl\\\/product\\\/basic-kit-excel-gel-2-0\\\/#breadcrumb\",\"itemListElement\":[{\"@type\":\"ListItem\",\"position\":1,\"name\":\"Home\",\"item\":\"https:\\\/\\\/www.nailcreation.com\\\/nl\\\/\"},{\"@type\":\"ListItem\",\"position\":2,\"name\":\"Alle producten\",\"item\":\"https:\\\/\\\/www.nailcreation.com\\\/nl\\\/shop\\\/\"},{\"@type\":\"ListItem\",\"position\":3,\"name\":\"Basic Kit Excel Gel 2.0\"}]},{\"@type\":\"WebSite\",\"@id\":\"https:\\\/\\\/www.nailcreation.com\\\/nl\\\/#website\",\"url\":\"https:\\\/\\\/www.nailcreation.com\\\/nl\\\/\",\"name\":\"Nail Creation\",\"description\":\"\",\"potentialAction\":[{\"@type\":\"SearchAction\",\"target\":{\"@type\":\"EntryPoint\",\"urlTemplate\":\"https:\\\/\\\/www.nailcreation.com\\\/nl\\\/?s={search_term_string}\"},\"query-input\":{\"@type\":\"PropertyValueSpecification\",\"valueRequired\":true,\"valueName\":\"search_term_string\"}}],\"inLanguage\":\"nl-NL\"}]}<\/script>\n<!-- \/ Yoast SEO plugin. -->","yoast_head_json":{"title":"Basic Kit Excel Gel 2.0 - Goede startersset - Nail Creation","description":"De Basic Kit Excel Gel 2.0 bevat alles wat je nodig hebt om aan de slag te gaan met ons innovatief alles-in-een systeem: Exel gel 2.0. Koop nu!","robots":{"index":"index","follow":"follow","max-snippet":"max-snippet:-1","max-image-preview":"max-image-preview:large","max-video-preview":"max-video-preview:-1"},"canonical":"https:\/\/www.nailcreation.com\/nl\/product\/basic-kit-excel-gel-2-0\/","og_locale":"nl_NL","og_type":"article","og_title":"Basic Kit Excel Gel 2.0 - Goede startersset - Nail Creation","og_description":"De Basic Kit Excel Gel 2.0 bevat alles wat je nodig hebt om aan de slag te gaan met ons innovatief alles-in-een systeem: Exel gel 2.0. Koop nu!","og_url":"https:\/\/www.nailcreation.com\/nl\/product\/basic-kit-excel-gel-2-0\/","og_site_name":"Nail Creation","article_modified_time":"2026-01-06T12:45:47+00:00","og_image":[{"width":1080,"height":1080,"url":"https:\/\/www.nailcreation.com\/wp-content\/uploads\/2022\/12\/Basic-Kit-Excel-Gel-2.0.png","type":"image\/png"}],"twitter_card":"summary_large_image","twitter_misc":{"Geschatte leestijd":"1 minuut"},"schema":{"@context":"https:\/\/schema.org","@graph":[{"@type":"WebPage","@id":"https:\/\/www.nailcreation.com\/nl\/product\/basic-kit-excel-gel-2-0\/","url":"https:\/\/www.nailcreation.com\/nl\/product\/basic-kit-excel-gel-2-0\/","name":"Basic Kit Excel Gel 2.0 - Goede startersset - Nail Creation","isPartOf":{"@id":"https:\/\/www.nailcreation.com\/nl\/#website"},"primaryImageOfPage":{"@id":"https:\/\/www.nailcreation.com\/nl\/product\/basic-kit-excel-gel-2-0\/#primaryimage"},"image":{"@id":"https:\/\/www.nailcreation.com\/nl\/product\/basic-kit-excel-gel-2-0\/#primaryimage"},"thumbnailUrl":"https:\/\/www.nailcreation.com\/wp-content\/uploads\/2022\/12\/Basic-Kit-Excel-Gel-2.0.png","datePublished":"2022-12-23T09:05:22+00:00","dateModified":"2026-01-06T12:45:47+00:00","description":"De Basic Kit Excel Gel 2.0 bevat alles wat je nodig hebt om aan de slag te gaan met ons innovatief alles-in-een systeem: Exel gel 2.0. Koop nu!","breadcrumb":{"@id":"https:\/\/www.nailcreation.com\/nl\/product\/basic-kit-excel-gel-2-0\/#breadcrumb"},"inLanguage":"nl-NL","potentialAction":[{"@type":"ReadAction","target":["https:\/\/www.nailcreation.com\/nl\/product\/basic-kit-excel-gel-2-0\/"]}]},{"@type":"ImageObject","inLanguage":"nl-NL","@id":"https:\/\/www.nailcreation.com\/nl\/product\/basic-kit-excel-gel-2-0\/#primaryimage","url":"https:\/\/www.nailcreation.com\/wp-content\/uploads\/2022\/12\/Basic-Kit-Excel-Gel-2.0.png","contentUrl":"https:\/\/www.nailcreation.com\/wp-content\/uploads\/2022\/12\/Basic-Kit-Excel-Gel-2.0.png","width":1080,"height":1080},{"@type":"BreadcrumbList","@id":"https:\/\/www.nailcreation.com\/nl\/product\/basic-kit-excel-gel-2-0\/#breadcrumb","itemListElement":[{"@type":"ListItem","position":1,"name":"Home","item":"https:\/\/www.nailcreation.com\/nl\/"},{"@type":"ListItem","position":2,"name":"Alle producten","item":"https:\/\/www.nailcreation.com\/nl\/shop\/"},{"@type":"ListItem","position":3,"name":"Basic Kit Excel Gel 2.0"}]},{"@type":"WebSite","@id":"https:\/\/www.nailcreation.com\/nl\/#website","url":"https:\/\/www.nailcreation.com\/nl\/","name":"Nail Creation","description":"","potentialAction":[{"@type":"SearchAction","target":{"@type":"EntryPoint","urlTemplate":"https:\/\/www.nailcreation.com\/nl\/?s={search_term_string}"},"query-input":{"@type":"PropertyValueSpecification","valueRequired":true,"valueName":"search_term_string"}}],"inLanguage":"nl-NL"}]}},"jetpack_sharing_enabled":true,"_links":{"self":[{"href":"https:\/\/www.nailcreation.com\/nl\/wp-json\/wp\/v2\/product\/3135","targetHints":{"allow":["GET"]}}],"collection":[{"href":"https:\/\/www.nailcreation.com\/nl\/wp-json\/wp\/v2\/product"}],"about":[{"href":"https:\/\/www.nailcreation.com\/nl\/wp-json\/wp\/v2\/types\/product"}],"replies":[{"embeddable":true,"href":"https:\/\/www.nailcreation.com\/nl\/wp-json\/wp\/v2\/comments?post=3135"}],"wp:featuredmedia":[{"embeddable":true,"href":"https:\/\/www.nailcreation.com\/nl\/wp-json\/wp\/v2\/media\/806"}],"wp:attachment":[{"href":"https:\/\/www.nailcreation.com\/nl\/wp-json\/wp\/v2\/media?parent=3135"}],"wp:term":[{"taxonomy":"product_brand","embeddable":true,"href":"https:\/\/www.nailcreation.com\/nl\/wp-json\/wp\/v2\/product_brand?post=3135"},{"taxonomy":"product_cat","embeddable":true,"href":"https:\/\/www.nailcreation.com\/nl\/wp-json\/wp\/v2\/product_cat?post=3135"},{"taxonomy":"product_tag","embeddable":true,"href":"https:\/\/www.nailcreation.com\/nl\/wp-json\/wp\/v2\/product_tag?post=3135"}],"curies":[{"name":"wp","href":"https:\/\/api.w.org\/{rel}","templated":true}]}}