{"id":2872,"date":"2022-12-30T23:48:12","date_gmt":"2022-12-30T22:48:12","guid":{"rendered":"http:\/\/nailcreation.com\/product\/tix-o-gel-clear\/"},"modified":"2026-04-22T23:35:21","modified_gmt":"2026-04-22T21:35:21","slug":"tix-o-gel-clear","status":"publish","type":"product","link":"https:\/\/www.nailcreation.com\/nl\/product\/tix-o-gel-clear\/","title":{"rendered":"Tix-O Gel Clear"},"content":{"rendered":"<h1>Tix-O UV Gel Clear<\/h1>\n<p>De Tix-O Gel in clear is een bouwgel met een stevige consistentie die glad en soepel wordt na appplicatie. De Tix-o gel loopt niet uit en wordt automatisch glad voordat je deze uithardt. Dit maakt jouw werk &#8211; als nagelstyliste &#8211; een stukje makkelijker. Er is geen reden voor paniek: cre\u00eber de perfecte nagelsset en laat alle nagels in \u00e9\u00e9n keer uitharden<\/p>\n<h2>Hoe gebruik je onze 1-Fase Gels<\/h2>\n<ol>\n<li>Reinig de nagels en handen door de Purifier te gebruiken.<\/li>\n<li>Bereid de plaat voor door te buffen en de riem naar achter te duwen. Gebruik de manicurestick om de riem terug te duwen en het resterende stof te verwijderen. Vijl de nagels in vorm<\/li>\n<li>Reinig de nagels met de Nail Scrub<\/li>\n<li>Optioneel: breng een sjabloon of tip aan<\/li>\n<li>Breng een dun laagje All System Bonder aan op de nagel. En laat drogen aan de lucht voor voor 30 seconden<\/li>\n<li>Breng een Base Gel aan.<\/li>\n<li>Breng de TXO gel aan op het midden van de nagel en verdeel het product nar de nagelriemen en vrije rand. Cre\u00eber op deze manier de gewenste vorm!<\/li>\n<li>Laat uitharden onder een UV\/LED lamp<\/li>\n<li>Gebruik de Gel Cleanser om het plaklaagje te verwijderen en vijl de nagels in de gewenste vorm!<\/li>\n<li>Breng een top gel naar keuze aan &#038; verzorg de nagels &#038; nagelriemen met nagelriemolie!<\/li>\n<\/ol>\n","protected":false},"excerpt":{"rendered":"<ul>\n<li>Stevige bouwgel<\/li>\n<li>Transparant<\/li>\n<li>Soepel &amp; licht wanneer deze wordt aangebracht<\/li>\n<li>Cre\u00eber fantastische nagelsets<\/li>\n<li>Gemakkelijk aan te brengen<\/li>\n<li>Vrij van HEMA &#038; TPO en 15-FREE!<\/li>\n<li>Verkrijgbaar in: 30 ML &amp; 50 ML<\/li>\n<\/ul>\n","protected":false},"featured_media":1957,"comment_status":"closed","ping_status":"closed","template":"","meta":{"_acf_changed":false},"product_brand":[],"product_cat":[176,169],"product_tag":[],"class_list":{"0":"post-2872","1":"product","2":"type-product","3":"status-publish","4":"has-post-thumbnail","6":"product_cat-1-fase-gels","7":"product_cat-uv-gels-nl","9":"first","10":"instock","11":"taxable","12":"shipping-taxable","13":"purchasable","14":"product-type-variable"},"acf":[],"yoast_head":"<!-- This site is optimized with the Yoast SEO plugin v27.5 - https:\/\/yoast.com\/product\/yoast-seo-wordpress\/ -->\n<title>Tix-O UV Gel - Dikke Bouwgel - Nail Creation<\/title>\n<meta name=\"description\" content=\"De Tix-O Gel in clear is een bouwgel met een stevige consistentie die glad en soepel wordt na appplicatie. Cre\u00eber de perfecte nagels!\" \/>\n<meta name=\"robots\" content=\"index, follow, max-snippet:-1, max-image-preview:large, max-video-preview:-1\" \/>\n<link rel=\"canonical\" href=\"https:\/\/www.nailcreation.com\/nl\/product\/tix-o-gel-clear\/\" \/>\n<meta property=\"og:locale\" content=\"nl_NL\" \/>\n<meta property=\"og:type\" content=\"article\" \/>\n<meta property=\"og:title\" content=\"Tix-O UV Gel - Dikke Bouwgel - Nail Creation\" \/>\n<meta property=\"og:description\" content=\"De Tix-O Gel in clear is een bouwgel met een stevige consistentie die glad en soepel wordt na appplicatie. Cre\u00eber de perfecte nagels!\" \/>\n<meta property=\"og:url\" content=\"https:\/\/www.nailcreation.com\/nl\/product\/tix-o-gel-clear\/\" \/>\n<meta property=\"og:site_name\" content=\"Nail Creation\" \/>\n<meta property=\"article:modified_time\" content=\"2026-04-22T21:35:21+00:00\" \/>\n<meta property=\"og:image\" content=\"https:\/\/www.nailcreation.com\/wp-content\/uploads\/2022\/12\/Tix-O-Gel-Clear.png\" \/>\n\t<meta property=\"og:image:width\" content=\"1080\" \/>\n\t<meta property=\"og:image:height\" content=\"1080\" \/>\n\t<meta property=\"og:image:type\" content=\"image\/png\" \/>\n<meta name=\"twitter:card\" content=\"summary_large_image\" \/>\n<meta name=\"twitter:label1\" content=\"Geschatte leestijd\" \/>\n\t<meta name=\"twitter:data1\" content=\"1 minuut\" \/>\n<script type=\"application\/ld+json\" class=\"yoast-schema-graph\">{\"@context\":\"https:\\\/\\\/schema.org\",\"@graph\":[{\"@type\":\"WebPage\",\"@id\":\"https:\\\/\\\/www.nailcreation.com\\\/nl\\\/product\\\/tix-o-gel-clear\\\/\",\"url\":\"https:\\\/\\\/www.nailcreation.com\\\/nl\\\/product\\\/tix-o-gel-clear\\\/\",\"name\":\"Tix-O UV Gel - Dikke Bouwgel - Nail Creation\",\"isPartOf\":{\"@id\":\"https:\\\/\\\/www.nailcreation.com\\\/nl\\\/#website\"},\"primaryImageOfPage\":{\"@id\":\"https:\\\/\\\/www.nailcreation.com\\\/nl\\\/product\\\/tix-o-gel-clear\\\/#primaryimage\"},\"image\":{\"@id\":\"https:\\\/\\\/www.nailcreation.com\\\/nl\\\/product\\\/tix-o-gel-clear\\\/#primaryimage\"},\"thumbnailUrl\":\"https:\\\/\\\/www.nailcreation.com\\\/wp-content\\\/uploads\\\/2022\\\/12\\\/Tix-O-Gel-Clear.png\",\"datePublished\":\"2022-12-30T22:48:12+00:00\",\"dateModified\":\"2026-04-22T21:35:21+00:00\",\"description\":\"De Tix-O Gel in clear is een bouwgel met een stevige consistentie die glad en soepel wordt na appplicatie. Cre\u00eber de perfecte nagels!\",\"breadcrumb\":{\"@id\":\"https:\\\/\\\/www.nailcreation.com\\\/nl\\\/product\\\/tix-o-gel-clear\\\/#breadcrumb\"},\"inLanguage\":\"nl-NL\",\"potentialAction\":[{\"@type\":\"ReadAction\",\"target\":[\"https:\\\/\\\/www.nailcreation.com\\\/nl\\\/product\\\/tix-o-gel-clear\\\/\"]}]},{\"@type\":\"ImageObject\",\"inLanguage\":\"nl-NL\",\"@id\":\"https:\\\/\\\/www.nailcreation.com\\\/nl\\\/product\\\/tix-o-gel-clear\\\/#primaryimage\",\"url\":\"https:\\\/\\\/www.nailcreation.com\\\/wp-content\\\/uploads\\\/2022\\\/12\\\/Tix-O-Gel-Clear.png\",\"contentUrl\":\"https:\\\/\\\/www.nailcreation.com\\\/wp-content\\\/uploads\\\/2022\\\/12\\\/Tix-O-Gel-Clear.png\",\"width\":1080,\"height\":1080},{\"@type\":\"BreadcrumbList\",\"@id\":\"https:\\\/\\\/www.nailcreation.com\\\/nl\\\/product\\\/tix-o-gel-clear\\\/#breadcrumb\",\"itemListElement\":[{\"@type\":\"ListItem\",\"position\":1,\"name\":\"Home\",\"item\":\"https:\\\/\\\/www.nailcreation.com\\\/nl\\\/\"},{\"@type\":\"ListItem\",\"position\":2,\"name\":\"Alle producten\",\"item\":\"https:\\\/\\\/www.nailcreation.com\\\/nl\\\/shop\\\/\"},{\"@type\":\"ListItem\",\"position\":3,\"name\":\"Tix-O Gel Clear\"}]},{\"@type\":\"WebSite\",\"@id\":\"https:\\\/\\\/www.nailcreation.com\\\/nl\\\/#website\",\"url\":\"https:\\\/\\\/www.nailcreation.com\\\/nl\\\/\",\"name\":\"Nail Creation\",\"description\":\"\",\"potentialAction\":[{\"@type\":\"SearchAction\",\"target\":{\"@type\":\"EntryPoint\",\"urlTemplate\":\"https:\\\/\\\/www.nailcreation.com\\\/nl\\\/?s={search_term_string}\"},\"query-input\":{\"@type\":\"PropertyValueSpecification\",\"valueRequired\":true,\"valueName\":\"search_term_string\"}}],\"inLanguage\":\"nl-NL\"}]}<\/script>\n<!-- \/ Yoast SEO plugin. -->","yoast_head_json":{"title":"Tix-O UV Gel - Dikke Bouwgel - Nail Creation","description":"De Tix-O Gel in clear is een bouwgel met een stevige consistentie die glad en soepel wordt na appplicatie. Cre\u00eber de perfecte nagels!","robots":{"index":"index","follow":"follow","max-snippet":"max-snippet:-1","max-image-preview":"max-image-preview:large","max-video-preview":"max-video-preview:-1"},"canonical":"https:\/\/www.nailcreation.com\/nl\/product\/tix-o-gel-clear\/","og_locale":"nl_NL","og_type":"article","og_title":"Tix-O UV Gel - Dikke Bouwgel - Nail Creation","og_description":"De Tix-O Gel in clear is een bouwgel met een stevige consistentie die glad en soepel wordt na appplicatie. Cre\u00eber de perfecte nagels!","og_url":"https:\/\/www.nailcreation.com\/nl\/product\/tix-o-gel-clear\/","og_site_name":"Nail Creation","article_modified_time":"2026-04-22T21:35:21+00:00","og_image":[{"width":1080,"height":1080,"url":"https:\/\/www.nailcreation.com\/wp-content\/uploads\/2022\/12\/Tix-O-Gel-Clear.png","type":"image\/png"}],"twitter_card":"summary_large_image","twitter_misc":{"Geschatte leestijd":"1 minuut"},"schema":{"@context":"https:\/\/schema.org","@graph":[{"@type":"WebPage","@id":"https:\/\/www.nailcreation.com\/nl\/product\/tix-o-gel-clear\/","url":"https:\/\/www.nailcreation.com\/nl\/product\/tix-o-gel-clear\/","name":"Tix-O UV Gel - Dikke Bouwgel - Nail Creation","isPartOf":{"@id":"https:\/\/www.nailcreation.com\/nl\/#website"},"primaryImageOfPage":{"@id":"https:\/\/www.nailcreation.com\/nl\/product\/tix-o-gel-clear\/#primaryimage"},"image":{"@id":"https:\/\/www.nailcreation.com\/nl\/product\/tix-o-gel-clear\/#primaryimage"},"thumbnailUrl":"https:\/\/www.nailcreation.com\/wp-content\/uploads\/2022\/12\/Tix-O-Gel-Clear.png","datePublished":"2022-12-30T22:48:12+00:00","dateModified":"2026-04-22T21:35:21+00:00","description":"De Tix-O Gel in clear is een bouwgel met een stevige consistentie die glad en soepel wordt na appplicatie. Cre\u00eber de perfecte nagels!","breadcrumb":{"@id":"https:\/\/www.nailcreation.com\/nl\/product\/tix-o-gel-clear\/#breadcrumb"},"inLanguage":"nl-NL","potentialAction":[{"@type":"ReadAction","target":["https:\/\/www.nailcreation.com\/nl\/product\/tix-o-gel-clear\/"]}]},{"@type":"ImageObject","inLanguage":"nl-NL","@id":"https:\/\/www.nailcreation.com\/nl\/product\/tix-o-gel-clear\/#primaryimage","url":"https:\/\/www.nailcreation.com\/wp-content\/uploads\/2022\/12\/Tix-O-Gel-Clear.png","contentUrl":"https:\/\/www.nailcreation.com\/wp-content\/uploads\/2022\/12\/Tix-O-Gel-Clear.png","width":1080,"height":1080},{"@type":"BreadcrumbList","@id":"https:\/\/www.nailcreation.com\/nl\/product\/tix-o-gel-clear\/#breadcrumb","itemListElement":[{"@type":"ListItem","position":1,"name":"Home","item":"https:\/\/www.nailcreation.com\/nl\/"},{"@type":"ListItem","position":2,"name":"Alle producten","item":"https:\/\/www.nailcreation.com\/nl\/shop\/"},{"@type":"ListItem","position":3,"name":"Tix-O Gel Clear"}]},{"@type":"WebSite","@id":"https:\/\/www.nailcreation.com\/nl\/#website","url":"https:\/\/www.nailcreation.com\/nl\/","name":"Nail Creation","description":"","potentialAction":[{"@type":"SearchAction","target":{"@type":"EntryPoint","urlTemplate":"https:\/\/www.nailcreation.com\/nl\/?s={search_term_string}"},"query-input":{"@type":"PropertyValueSpecification","valueRequired":true,"valueName":"search_term_string"}}],"inLanguage":"nl-NL"}]}},"jetpack_sharing_enabled":true,"_links":{"self":[{"href":"https:\/\/www.nailcreation.com\/nl\/wp-json\/wp\/v2\/product\/2872","targetHints":{"allow":["GET"]}}],"collection":[{"href":"https:\/\/www.nailcreation.com\/nl\/wp-json\/wp\/v2\/product"}],"about":[{"href":"https:\/\/www.nailcreation.com\/nl\/wp-json\/wp\/v2\/types\/product"}],"replies":[{"embeddable":true,"href":"https:\/\/www.nailcreation.com\/nl\/wp-json\/wp\/v2\/comments?post=2872"}],"wp:featuredmedia":[{"embeddable":true,"href":"https:\/\/www.nailcreation.com\/nl\/wp-json\/wp\/v2\/media\/1957"}],"wp:attachment":[{"href":"https:\/\/www.nailcreation.com\/nl\/wp-json\/wp\/v2\/media?parent=2872"}],"wp:term":[{"taxonomy":"product_brand","embeddable":true,"href":"https:\/\/www.nailcreation.com\/nl\/wp-json\/wp\/v2\/product_brand?post=2872"},{"taxonomy":"product_cat","embeddable":true,"href":"https:\/\/www.nailcreation.com\/nl\/wp-json\/wp\/v2\/product_cat?post=2872"},{"taxonomy":"product_tag","embeddable":true,"href":"https:\/\/www.nailcreation.com\/nl\/wp-json\/wp\/v2\/product_tag?post=2872"}],"curies":[{"name":"wp","href":"https:\/\/api.w.org\/{rel}","templated":true}]}}