{"id":2652,"date":"2023-01-01T19:43:33","date_gmt":"2023-01-01T18:43:33","guid":{"rendered":"http:\/\/nailcreation.com\/product\/excel-gel-2-0-extra-white\/"},"modified":"2026-03-22T14:30:29","modified_gmt":"2026-03-22T13:30:29","slug":"excel-gel-2-0-extra-white","status":"publish","type":"product","link":"https:\/\/www.nailcreation.com\/nl\/product\/excel-gel-2-0-extra-white\/","title":{"rendered":"Excel gel 2.0 Extra White"},"content":{"rendered":"<h1>Excel gel Extra White<\/h1>\n<p>De Excel Gel Extra White is licht, flexibel en sterk. Nail Creation Excel combineert de voordelen van gel &amp; acryl in een tube! Met dit innovatieve alles-in-\u00e9\u00e9n systeem cre\u00eber je de mooiste nagels. Het is geen gel, het is geen acryl: het is Excel!<\/p>\n<h2>Hoe breng je onze Excel Gel aan?<\/h2>\n<ol>\n<li>Reinig de nagels en handen door de Purifier te gebruiken.<\/li>\n<li>Bereid de plaat voor door te buffen en de riem naar achter te duwen. Gebruik de manicurestick om de riem terug te duwen en het resterende stof te verwijderen. Vijl de nagels in vorm<\/li>\n<li>Reinig de nagels met de Nail Scrub<\/li>\n<li>Optioneel: breng een sjabloon of tip aan<\/li>\n<li>Breng een dun laagje All System Bonder aan op de nagel<\/li>\n<li>Gebruik de spatelzijde van de Excel Cutting Tool om de gewenste hoeveelheid te bepalen.<\/li>\n<li>Rol de Excel Gel op de nagel met de Cutting Tool<\/li>\n<li>Dip de penseelzijde in de Excel Solution en modelleer de nagels.<\/li>\n<li>Laat uitharden voor 30 seconden.<\/li>\n<li>Verwijder de plaklaag met Gel Cleanser en vijl de nagels in de gewenste vorm<\/li>\n<li>Vijl de nagels in de gewenste vorm en buff de nagels. Verwijder dan al het overige stof!<\/li>\n<li>Breng een top gel naar keuze aan &#038; verzorg de nagels &#038; nagelriemen met nagelriemolie!<\/li>\n<\/ol>\n","protected":false},"excerpt":{"rendered":"<ul>\n<li>Alles-in-een Builder Gel<\/li>\n<li>Erg wit<\/li>\n<li>Het is sterker dan gel, maar flexibeler dan acryl<\/li>\n<li>Fantastische hechting<\/li>\n<li>Gemakkelijk in gebruik<\/li>\n<li>Loopt na het aanbrengen niet uit!<\/li>\n<li>Cre\u00eber &#8211; snel &#8211; geweldig sterke nagels!<\/li>\n<li>Vrij van HEMA &#038; TPO en 15-FREE!<\/li>\n<li>Verkrijgbaar in: 30 ML &amp; 60 ML<\/li>\n<\/ul>\n","protected":false},"featured_media":2526,"comment_status":"closed","ping_status":"closed","template":"","meta":{"_acf_changed":false},"product_brand":[],"product_cat":[171,169],"product_tag":[],"class_list":{"0":"post-2652","1":"product","2":"type-product","3":"status-publish","4":"has-post-thumbnail","6":"product_cat-excel-gels","7":"product_cat-uv-gels-nl","9":"first","10":"instock","11":"taxable","12":"shipping-taxable","13":"purchasable","14":"product-type-variable"},"acf":[],"yoast_head":"<!-- This site is optimized with the Yoast SEO plugin v27.5 - https:\/\/yoast.com\/product\/yoast-seo-wordpress\/ -->\n<title>Excel Gel Extra White - alles-in-1 gel! - Nail Creation<\/title>\n<meta name=\"description\" content=\"De Excel Gel Extra White is licht, flexibel en sterk. Met deze geweldige alles-in-1 gel cre\u00eber je sterke nagelsets! Koop nu!\" \/>\n<meta name=\"robots\" content=\"index, follow, max-snippet:-1, max-image-preview:large, max-video-preview:-1\" \/>\n<link rel=\"canonical\" href=\"https:\/\/www.nailcreation.com\/nl\/product\/excel-gel-2-0-extra-white\/\" \/>\n<meta property=\"og:locale\" content=\"nl_NL\" \/>\n<meta property=\"og:type\" content=\"article\" \/>\n<meta property=\"og:title\" content=\"Excel Gel Extra White - alles-in-1 gel! - Nail Creation\" \/>\n<meta property=\"og:description\" content=\"De Excel Gel Extra White is licht, flexibel en sterk. Met deze geweldige alles-in-1 gel cre\u00eber je sterke nagelsets! Koop nu!\" \/>\n<meta property=\"og:url\" content=\"https:\/\/www.nailcreation.com\/nl\/product\/excel-gel-2-0-extra-white\/\" \/>\n<meta property=\"og:site_name\" content=\"Nail Creation\" \/>\n<meta property=\"article:modified_time\" content=\"2026-03-22T13:30:29+00:00\" \/>\n<meta property=\"og:image\" content=\"https:\/\/www.nailcreation.com\/wp-content\/uploads\/2023\/01\/Excel-Gel-2.0-Extra-White.png\" \/>\n\t<meta property=\"og:image:width\" content=\"1080\" \/>\n\t<meta property=\"og:image:height\" content=\"1080\" \/>\n\t<meta property=\"og:image:type\" content=\"image\/png\" \/>\n<meta name=\"twitter:card\" content=\"summary_large_image\" \/>\n<meta name=\"twitter:label1\" content=\"Geschatte leestijd\" \/>\n\t<meta name=\"twitter:data1\" content=\"1 minuut\" \/>\n<script type=\"application\/ld+json\" class=\"yoast-schema-graph\">{\"@context\":\"https:\\\/\\\/schema.org\",\"@graph\":[{\"@type\":\"WebPage\",\"@id\":\"https:\\\/\\\/www.nailcreation.com\\\/nl\\\/product\\\/excel-gel-2-0-extra-white\\\/\",\"url\":\"https:\\\/\\\/www.nailcreation.com\\\/nl\\\/product\\\/excel-gel-2-0-extra-white\\\/\",\"name\":\"Excel Gel Extra White - alles-in-1 gel! - Nail Creation\",\"isPartOf\":{\"@id\":\"https:\\\/\\\/www.nailcreation.com\\\/nl\\\/#website\"},\"primaryImageOfPage\":{\"@id\":\"https:\\\/\\\/www.nailcreation.com\\\/nl\\\/product\\\/excel-gel-2-0-extra-white\\\/#primaryimage\"},\"image\":{\"@id\":\"https:\\\/\\\/www.nailcreation.com\\\/nl\\\/product\\\/excel-gel-2-0-extra-white\\\/#primaryimage\"},\"thumbnailUrl\":\"https:\\\/\\\/www.nailcreation.com\\\/wp-content\\\/uploads\\\/2023\\\/01\\\/Excel-Gel-2.0-Extra-White.png\",\"datePublished\":\"2023-01-01T18:43:33+00:00\",\"dateModified\":\"2026-03-22T13:30:29+00:00\",\"description\":\"De Excel Gel Extra White is licht, flexibel en sterk. Met deze geweldige alles-in-1 gel cre\u00eber je sterke nagelsets! Koop nu!\",\"breadcrumb\":{\"@id\":\"https:\\\/\\\/www.nailcreation.com\\\/nl\\\/product\\\/excel-gel-2-0-extra-white\\\/#breadcrumb\"},\"inLanguage\":\"nl-NL\",\"potentialAction\":[{\"@type\":\"ReadAction\",\"target\":[\"https:\\\/\\\/www.nailcreation.com\\\/nl\\\/product\\\/excel-gel-2-0-extra-white\\\/\"]}]},{\"@type\":\"ImageObject\",\"inLanguage\":\"nl-NL\",\"@id\":\"https:\\\/\\\/www.nailcreation.com\\\/nl\\\/product\\\/excel-gel-2-0-extra-white\\\/#primaryimage\",\"url\":\"https:\\\/\\\/www.nailcreation.com\\\/wp-content\\\/uploads\\\/2023\\\/01\\\/Excel-Gel-2.0-Extra-White.png\",\"contentUrl\":\"https:\\\/\\\/www.nailcreation.com\\\/wp-content\\\/uploads\\\/2023\\\/01\\\/Excel-Gel-2.0-Extra-White.png\",\"width\":1080,\"height\":1080,\"caption\":\"Nail Creation tube with Excel gel and white square\"},{\"@type\":\"BreadcrumbList\",\"@id\":\"https:\\\/\\\/www.nailcreation.com\\\/nl\\\/product\\\/excel-gel-2-0-extra-white\\\/#breadcrumb\",\"itemListElement\":[{\"@type\":\"ListItem\",\"position\":1,\"name\":\"Home\",\"item\":\"https:\\\/\\\/www.nailcreation.com\\\/nl\\\/\"},{\"@type\":\"ListItem\",\"position\":2,\"name\":\"Alle producten\",\"item\":\"https:\\\/\\\/www.nailcreation.com\\\/nl\\\/shop\\\/\"},{\"@type\":\"ListItem\",\"position\":3,\"name\":\"Excel gel 2.0 Extra White\"}]},{\"@type\":\"WebSite\",\"@id\":\"https:\\\/\\\/www.nailcreation.com\\\/nl\\\/#website\",\"url\":\"https:\\\/\\\/www.nailcreation.com\\\/nl\\\/\",\"name\":\"Nail Creation\",\"description\":\"\",\"potentialAction\":[{\"@type\":\"SearchAction\",\"target\":{\"@type\":\"EntryPoint\",\"urlTemplate\":\"https:\\\/\\\/www.nailcreation.com\\\/nl\\\/?s={search_term_string}\"},\"query-input\":{\"@type\":\"PropertyValueSpecification\",\"valueRequired\":true,\"valueName\":\"search_term_string\"}}],\"inLanguage\":\"nl-NL\"}]}<\/script>\n<!-- \/ Yoast SEO plugin. -->","yoast_head_json":{"title":"Excel Gel Extra White - alles-in-1 gel! - Nail Creation","description":"De Excel Gel Extra White is licht, flexibel en sterk. Met deze geweldige alles-in-1 gel cre\u00eber je sterke nagelsets! Koop nu!","robots":{"index":"index","follow":"follow","max-snippet":"max-snippet:-1","max-image-preview":"max-image-preview:large","max-video-preview":"max-video-preview:-1"},"canonical":"https:\/\/www.nailcreation.com\/nl\/product\/excel-gel-2-0-extra-white\/","og_locale":"nl_NL","og_type":"article","og_title":"Excel Gel Extra White - alles-in-1 gel! - Nail Creation","og_description":"De Excel Gel Extra White is licht, flexibel en sterk. Met deze geweldige alles-in-1 gel cre\u00eber je sterke nagelsets! Koop nu!","og_url":"https:\/\/www.nailcreation.com\/nl\/product\/excel-gel-2-0-extra-white\/","og_site_name":"Nail Creation","article_modified_time":"2026-03-22T13:30:29+00:00","og_image":[{"width":1080,"height":1080,"url":"https:\/\/www.nailcreation.com\/wp-content\/uploads\/2023\/01\/Excel-Gel-2.0-Extra-White.png","type":"image\/png"}],"twitter_card":"summary_large_image","twitter_misc":{"Geschatte leestijd":"1 minuut"},"schema":{"@context":"https:\/\/schema.org","@graph":[{"@type":"WebPage","@id":"https:\/\/www.nailcreation.com\/nl\/product\/excel-gel-2-0-extra-white\/","url":"https:\/\/www.nailcreation.com\/nl\/product\/excel-gel-2-0-extra-white\/","name":"Excel Gel Extra White - alles-in-1 gel! - Nail Creation","isPartOf":{"@id":"https:\/\/www.nailcreation.com\/nl\/#website"},"primaryImageOfPage":{"@id":"https:\/\/www.nailcreation.com\/nl\/product\/excel-gel-2-0-extra-white\/#primaryimage"},"image":{"@id":"https:\/\/www.nailcreation.com\/nl\/product\/excel-gel-2-0-extra-white\/#primaryimage"},"thumbnailUrl":"https:\/\/www.nailcreation.com\/wp-content\/uploads\/2023\/01\/Excel-Gel-2.0-Extra-White.png","datePublished":"2023-01-01T18:43:33+00:00","dateModified":"2026-03-22T13:30:29+00:00","description":"De Excel Gel Extra White is licht, flexibel en sterk. Met deze geweldige alles-in-1 gel cre\u00eber je sterke nagelsets! Koop nu!","breadcrumb":{"@id":"https:\/\/www.nailcreation.com\/nl\/product\/excel-gel-2-0-extra-white\/#breadcrumb"},"inLanguage":"nl-NL","potentialAction":[{"@type":"ReadAction","target":["https:\/\/www.nailcreation.com\/nl\/product\/excel-gel-2-0-extra-white\/"]}]},{"@type":"ImageObject","inLanguage":"nl-NL","@id":"https:\/\/www.nailcreation.com\/nl\/product\/excel-gel-2-0-extra-white\/#primaryimage","url":"https:\/\/www.nailcreation.com\/wp-content\/uploads\/2023\/01\/Excel-Gel-2.0-Extra-White.png","contentUrl":"https:\/\/www.nailcreation.com\/wp-content\/uploads\/2023\/01\/Excel-Gel-2.0-Extra-White.png","width":1080,"height":1080,"caption":"Nail Creation tube with Excel gel and white square"},{"@type":"BreadcrumbList","@id":"https:\/\/www.nailcreation.com\/nl\/product\/excel-gel-2-0-extra-white\/#breadcrumb","itemListElement":[{"@type":"ListItem","position":1,"name":"Home","item":"https:\/\/www.nailcreation.com\/nl\/"},{"@type":"ListItem","position":2,"name":"Alle producten","item":"https:\/\/www.nailcreation.com\/nl\/shop\/"},{"@type":"ListItem","position":3,"name":"Excel gel 2.0 Extra White"}]},{"@type":"WebSite","@id":"https:\/\/www.nailcreation.com\/nl\/#website","url":"https:\/\/www.nailcreation.com\/nl\/","name":"Nail Creation","description":"","potentialAction":[{"@type":"SearchAction","target":{"@type":"EntryPoint","urlTemplate":"https:\/\/www.nailcreation.com\/nl\/?s={search_term_string}"},"query-input":{"@type":"PropertyValueSpecification","valueRequired":true,"valueName":"search_term_string"}}],"inLanguage":"nl-NL"}]}},"jetpack_sharing_enabled":true,"_links":{"self":[{"href":"https:\/\/www.nailcreation.com\/nl\/wp-json\/wp\/v2\/product\/2652","targetHints":{"allow":["GET"]}}],"collection":[{"href":"https:\/\/www.nailcreation.com\/nl\/wp-json\/wp\/v2\/product"}],"about":[{"href":"https:\/\/www.nailcreation.com\/nl\/wp-json\/wp\/v2\/types\/product"}],"replies":[{"embeddable":true,"href":"https:\/\/www.nailcreation.com\/nl\/wp-json\/wp\/v2\/comments?post=2652"}],"wp:featuredmedia":[{"embeddable":true,"href":"https:\/\/www.nailcreation.com\/nl\/wp-json\/wp\/v2\/media\/2526"}],"wp:attachment":[{"href":"https:\/\/www.nailcreation.com\/nl\/wp-json\/wp\/v2\/media?parent=2652"}],"wp:term":[{"taxonomy":"product_brand","embeddable":true,"href":"https:\/\/www.nailcreation.com\/nl\/wp-json\/wp\/v2\/product_brand?post=2652"},{"taxonomy":"product_cat","embeddable":true,"href":"https:\/\/www.nailcreation.com\/nl\/wp-json\/wp\/v2\/product_cat?post=2652"},{"taxonomy":"product_tag","embeddable":true,"href":"https:\/\/www.nailcreation.com\/nl\/wp-json\/wp\/v2\/product_tag?post=2652"}],"curies":[{"name":"wp","href":"https:\/\/api.w.org\/{rel}","templated":true}]}}