{"id":18723,"date":"2024-04-15T09:00:10","date_gmt":"2024-04-15T07:00:10","guid":{"rendered":"https:\/\/www.nailcreation.com\/?post_type=product&#038;p=18723"},"modified":"2026-05-07T10:29:39","modified_gmt":"2026-05-07T08:29:39","slug":"no-file-gel-cover-natural","status":"publish","type":"product","link":"https:\/\/www.nailcreation.com\/nl\/product\/no-file-gel-cover-natural\/","title":{"rendered":"Essenza Gel Cover Natural"},"content":{"rendered":"<h1>No File Gel Cover Natural<\/h1>\n<p>Met No File Gel Cover Natural cre\u00eber je verbluffende resultaten. Deze \u00e9\u00e9n-fase-gel heeft een perfecte hechting, modellering en glans. De gel is makkelijk aan te brengen door de self-leveling capaciteit &amp; is geschikt voor natuurlijke nagel overlays en voor verlengingen op nagelvormen. De gel is flexibel, vergeelt niet en de klant ervaart geen warmte tijdens het uitharden.<\/p>\n<h2>Hoe gebruik je deze een-fase gel<\/h2>\n<ol>\n<li>Reinig de nagels en handen door de Purifier te gebruiken.<\/li>\n<li>Bereid de plaat voor door te buffen en de riem naar achter te duwen. Gebruik de manicurestick om de riem terug te duwen en het resterende stof te verwijderen. Vijl de nagels in vorm<\/li>\n<li>Reinig de nagels met de Nail Scrub<\/li>\n<li>Optioneel: breng een sjabloon of tip aan<\/li>\n<li>Breng een dun laagje All System Bonder aan op de nagel en laat drogen aan de lucht.<\/li>\n<li>Breng een dun laagje No File Gel aan en laat uitharden; 3 minuten onder een UV lamp &amp; 2 minuten onder een LED lamp.<\/li>\n<li>Bouw vervolgens de nagel met No File Gel en laat uitharden volgens bovenstaande instructies<\/li>\n<li>Verwijder de plaklaag met Gel Cleanser en vijl de nagels in de gewenste vorm<\/li>\n<li>Optioneel: breng een color gel of gellak naar keuze aan en laat uitharden.<\/li>\n<li>Breng een top gel naar keuze aan &amp; verzorg de nagels &amp; nagelriemen met nagelriemolie!<\/li>\n<\/ol>\n","protected":false},"excerpt":{"rendered":"<ul>\n<li>Geweldige \u00e9\u00e9nfase gel<\/li>\n<li>Bereik grote resultaten<\/li>\n<li>Perfecte hechting &amp; glans<\/li>\n<li>Voor natuurlijke overlays &amp; verlengingen<\/li>\n<li>Vergeelt niet<\/li>\n<li>Vrij van HEMA &amp; TPO en 15-FREE!<\/li>\n<li>Verkrijgbaar in: 15 ML &amp; 50 ML<\/li>\n<\/ul>\n","protected":false},"featured_media":41244,"comment_status":"closed","ping_status":"closed","template":"","meta":{"_acf_changed":false},"product_brand":[],"product_cat":[600,169],"product_tag":[],"class_list":{"0":"post-18723","1":"product","2":"type-product","3":"status-publish","4":"has-post-thumbnail","6":"product_cat-essenza-no-file-gel","7":"product_cat-uv-gels-nl","9":"first","10":"instock","11":"taxable","12":"shipping-taxable","13":"purchasable","14":"product-type-variable"},"acf":[],"yoast_head":"<!-- This site is optimized with the Yoast SEO plugin v27.5 - https:\/\/yoast.com\/product\/yoast-seo-wordpress\/ -->\n<title>\u00e9\u00e9nfase No File Gel Cover Natural | Voor in jouw nagelsalon<\/title>\n<meta name=\"description\" content=\"Met No File Gel Cover Natural cre\u00eber je verbluffende resultaten. Deze \u00e9\u00e9nfase-gel heeft perfecte builder, sculpting en finishing capaciteiten.\" \/>\n<meta name=\"robots\" content=\"index, follow, max-snippet:-1, max-image-preview:large, max-video-preview:-1\" \/>\n<link rel=\"canonical\" href=\"https:\/\/www.nailcreation.com\/nl\/product\/no-file-gel-cover-natural\/\" \/>\n<meta property=\"og:locale\" content=\"nl_NL\" \/>\n<meta property=\"og:type\" content=\"article\" \/>\n<meta property=\"og:title\" content=\"\u00e9\u00e9nfase No File Gel Cover Natural | Voor in jouw nagelsalon\" \/>\n<meta property=\"og:description\" content=\"Met No File Gel Cover Natural cre\u00eber je verbluffende resultaten. Deze \u00e9\u00e9nfase-gel heeft perfecte builder, sculpting en finishing capaciteiten.\" \/>\n<meta property=\"og:url\" content=\"https:\/\/www.nailcreation.com\/nl\/product\/no-file-gel-cover-natural\/\" \/>\n<meta property=\"og:site_name\" content=\"Nail Creation\" \/>\n<meta property=\"article:modified_time\" content=\"2026-05-07T08:29:39+00:00\" \/>\n<meta property=\"og:image\" content=\"https:\/\/www.nailcreation.com\/wp-content\/uploads\/2022\/12\/G2280.png\" \/>\n\t<meta property=\"og:image:width\" content=\"300\" \/>\n\t<meta property=\"og:image:height\" content=\"300\" \/>\n\t<meta property=\"og:image:type\" content=\"image\/png\" \/>\n<meta name=\"twitter:card\" content=\"summary_large_image\" \/>\n<meta name=\"twitter:label1\" content=\"Geschatte leestijd\" \/>\n\t<meta name=\"twitter:data1\" content=\"2 minuten\" \/>\n<script type=\"application\/ld+json\" class=\"yoast-schema-graph\">{\"@context\":\"https:\\\/\\\/schema.org\",\"@graph\":[{\"@type\":\"WebPage\",\"@id\":\"https:\\\/\\\/www.nailcreation.com\\\/nl\\\/product\\\/no-file-gel-cover-natural\\\/\",\"url\":\"https:\\\/\\\/www.nailcreation.com\\\/nl\\\/product\\\/no-file-gel-cover-natural\\\/\",\"name\":\"\u00e9\u00e9nfase No File Gel Cover Natural | Voor in jouw nagelsalon\",\"isPartOf\":{\"@id\":\"https:\\\/\\\/www.nailcreation.com\\\/nl\\\/#website\"},\"primaryImageOfPage\":{\"@id\":\"https:\\\/\\\/www.nailcreation.com\\\/nl\\\/product\\\/no-file-gel-cover-natural\\\/#primaryimage\"},\"image\":{\"@id\":\"https:\\\/\\\/www.nailcreation.com\\\/nl\\\/product\\\/no-file-gel-cover-natural\\\/#primaryimage\"},\"thumbnailUrl\":\"https:\\\/\\\/www.nailcreation.com\\\/wp-content\\\/uploads\\\/2022\\\/12\\\/G2280.png\",\"datePublished\":\"2024-04-15T07:00:10+00:00\",\"dateModified\":\"2026-05-07T08:29:39+00:00\",\"description\":\"Met No File Gel Cover Natural cre\u00eber je verbluffende resultaten. Deze \u00e9\u00e9nfase-gel heeft perfecte builder, sculpting en finishing capaciteiten.\",\"breadcrumb\":{\"@id\":\"https:\\\/\\\/www.nailcreation.com\\\/nl\\\/product\\\/no-file-gel-cover-natural\\\/#breadcrumb\"},\"inLanguage\":\"nl-NL\",\"potentialAction\":[{\"@type\":\"ReadAction\",\"target\":[\"https:\\\/\\\/www.nailcreation.com\\\/nl\\\/product\\\/no-file-gel-cover-natural\\\/\"]}]},{\"@type\":\"ImageObject\",\"inLanguage\":\"nl-NL\",\"@id\":\"https:\\\/\\\/www.nailcreation.com\\\/nl\\\/product\\\/no-file-gel-cover-natural\\\/#primaryimage\",\"url\":\"https:\\\/\\\/www.nailcreation.com\\\/wp-content\\\/uploads\\\/2022\\\/12\\\/G2280.png\",\"contentUrl\":\"https:\\\/\\\/www.nailcreation.com\\\/wp-content\\\/uploads\\\/2022\\\/12\\\/G2280.png\",\"width\":300,\"height\":300,\"caption\":\"essenza no file gel cover natural buy at Nail Creation\"},{\"@type\":\"BreadcrumbList\",\"@id\":\"https:\\\/\\\/www.nailcreation.com\\\/nl\\\/product\\\/no-file-gel-cover-natural\\\/#breadcrumb\",\"itemListElement\":[{\"@type\":\"ListItem\",\"position\":1,\"name\":\"Home\",\"item\":\"https:\\\/\\\/www.nailcreation.com\\\/nl\\\/\"},{\"@type\":\"ListItem\",\"position\":2,\"name\":\"Alle producten\",\"item\":\"https:\\\/\\\/www.nailcreation.com\\\/nl\\\/shop\\\/\"},{\"@type\":\"ListItem\",\"position\":3,\"name\":\"Essenza Gel Cover Natural\"}]},{\"@type\":\"WebSite\",\"@id\":\"https:\\\/\\\/www.nailcreation.com\\\/nl\\\/#website\",\"url\":\"https:\\\/\\\/www.nailcreation.com\\\/nl\\\/\",\"name\":\"Nail Creation\",\"description\":\"\",\"potentialAction\":[{\"@type\":\"SearchAction\",\"target\":{\"@type\":\"EntryPoint\",\"urlTemplate\":\"https:\\\/\\\/www.nailcreation.com\\\/nl\\\/?s={search_term_string}\"},\"query-input\":{\"@type\":\"PropertyValueSpecification\",\"valueRequired\":true,\"valueName\":\"search_term_string\"}}],\"inLanguage\":\"nl-NL\"}]}<\/script>\n<!-- \/ Yoast SEO plugin. -->","yoast_head_json":{"title":"\u00e9\u00e9nfase No File Gel Cover Natural | Voor in jouw nagelsalon","description":"Met No File Gel Cover Natural cre\u00eber je verbluffende resultaten. Deze \u00e9\u00e9nfase-gel heeft perfecte builder, sculpting en finishing capaciteiten.","robots":{"index":"index","follow":"follow","max-snippet":"max-snippet:-1","max-image-preview":"max-image-preview:large","max-video-preview":"max-video-preview:-1"},"canonical":"https:\/\/www.nailcreation.com\/nl\/product\/no-file-gel-cover-natural\/","og_locale":"nl_NL","og_type":"article","og_title":"\u00e9\u00e9nfase No File Gel Cover Natural | Voor in jouw nagelsalon","og_description":"Met No File Gel Cover Natural cre\u00eber je verbluffende resultaten. Deze \u00e9\u00e9nfase-gel heeft perfecte builder, sculpting en finishing capaciteiten.","og_url":"https:\/\/www.nailcreation.com\/nl\/product\/no-file-gel-cover-natural\/","og_site_name":"Nail Creation","article_modified_time":"2026-05-07T08:29:39+00:00","og_image":[{"width":300,"height":300,"url":"https:\/\/www.nailcreation.com\/wp-content\/uploads\/2022\/12\/G2280.png","type":"image\/png"}],"twitter_card":"summary_large_image","twitter_misc":{"Geschatte leestijd":"2 minuten"},"schema":{"@context":"https:\/\/schema.org","@graph":[{"@type":"WebPage","@id":"https:\/\/www.nailcreation.com\/nl\/product\/no-file-gel-cover-natural\/","url":"https:\/\/www.nailcreation.com\/nl\/product\/no-file-gel-cover-natural\/","name":"\u00e9\u00e9nfase No File Gel Cover Natural | Voor in jouw nagelsalon","isPartOf":{"@id":"https:\/\/www.nailcreation.com\/nl\/#website"},"primaryImageOfPage":{"@id":"https:\/\/www.nailcreation.com\/nl\/product\/no-file-gel-cover-natural\/#primaryimage"},"image":{"@id":"https:\/\/www.nailcreation.com\/nl\/product\/no-file-gel-cover-natural\/#primaryimage"},"thumbnailUrl":"https:\/\/www.nailcreation.com\/wp-content\/uploads\/2022\/12\/G2280.png","datePublished":"2024-04-15T07:00:10+00:00","dateModified":"2026-05-07T08:29:39+00:00","description":"Met No File Gel Cover Natural cre\u00eber je verbluffende resultaten. Deze \u00e9\u00e9nfase-gel heeft perfecte builder, sculpting en finishing capaciteiten.","breadcrumb":{"@id":"https:\/\/www.nailcreation.com\/nl\/product\/no-file-gel-cover-natural\/#breadcrumb"},"inLanguage":"nl-NL","potentialAction":[{"@type":"ReadAction","target":["https:\/\/www.nailcreation.com\/nl\/product\/no-file-gel-cover-natural\/"]}]},{"@type":"ImageObject","inLanguage":"nl-NL","@id":"https:\/\/www.nailcreation.com\/nl\/product\/no-file-gel-cover-natural\/#primaryimage","url":"https:\/\/www.nailcreation.com\/wp-content\/uploads\/2022\/12\/G2280.png","contentUrl":"https:\/\/www.nailcreation.com\/wp-content\/uploads\/2022\/12\/G2280.png","width":300,"height":300,"caption":"essenza no file gel cover natural buy at Nail Creation"},{"@type":"BreadcrumbList","@id":"https:\/\/www.nailcreation.com\/nl\/product\/no-file-gel-cover-natural\/#breadcrumb","itemListElement":[{"@type":"ListItem","position":1,"name":"Home","item":"https:\/\/www.nailcreation.com\/nl\/"},{"@type":"ListItem","position":2,"name":"Alle producten","item":"https:\/\/www.nailcreation.com\/nl\/shop\/"},{"@type":"ListItem","position":3,"name":"Essenza Gel Cover Natural"}]},{"@type":"WebSite","@id":"https:\/\/www.nailcreation.com\/nl\/#website","url":"https:\/\/www.nailcreation.com\/nl\/","name":"Nail Creation","description":"","potentialAction":[{"@type":"SearchAction","target":{"@type":"EntryPoint","urlTemplate":"https:\/\/www.nailcreation.com\/nl\/?s={search_term_string}"},"query-input":{"@type":"PropertyValueSpecification","valueRequired":true,"valueName":"search_term_string"}}],"inLanguage":"nl-NL"}]}},"jetpack_sharing_enabled":true,"_links":{"self":[{"href":"https:\/\/www.nailcreation.com\/nl\/wp-json\/wp\/v2\/product\/18723","targetHints":{"allow":["GET"]}}],"collection":[{"href":"https:\/\/www.nailcreation.com\/nl\/wp-json\/wp\/v2\/product"}],"about":[{"href":"https:\/\/www.nailcreation.com\/nl\/wp-json\/wp\/v2\/types\/product"}],"replies":[{"embeddable":true,"href":"https:\/\/www.nailcreation.com\/nl\/wp-json\/wp\/v2\/comments?post=18723"}],"wp:featuredmedia":[{"embeddable":true,"href":"https:\/\/www.nailcreation.com\/nl\/wp-json\/wp\/v2\/media\/41244"}],"wp:attachment":[{"href":"https:\/\/www.nailcreation.com\/nl\/wp-json\/wp\/v2\/media?parent=18723"}],"wp:term":[{"taxonomy":"product_brand","embeddable":true,"href":"https:\/\/www.nailcreation.com\/nl\/wp-json\/wp\/v2\/product_brand?post=18723"},{"taxonomy":"product_cat","embeddable":true,"href":"https:\/\/www.nailcreation.com\/nl\/wp-json\/wp\/v2\/product_cat?post=18723"},{"taxonomy":"product_tag","embeddable":true,"href":"https:\/\/www.nailcreation.com\/nl\/wp-json\/wp\/v2\/product_tag?post=18723"}],"curies":[{"name":"wp","href":"https:\/\/api.w.org\/{rel}","templated":true}]}}